{"id":3,"date":"2025-03-17T01:43:18","date_gmt":"2025-03-17T01:43:18","guid":{"rendered":"https:\/\/zhihongplastic.com\/?page_id=3"},"modified":"2025-12-13T03:20:30","modified_gmt":"2025-12-13T03:20:30","slug":"datenschutzrichtlinie","status":"publish","type":"page","link":"https:\/\/zhihongplastic.com\/de\/datenschutzrichtlinie\/","title":{"rendered":"Datenschutzbestimmungen"},"content":{"rendered":"<p>Der Schutz und die Sicherheit Ihrer Daten sind f\u00fcr uns sehr wichtig.<br>Bitte lesen Sie die vollst\u00e4ndige Datenschutzerkl\u00e4rung unten, um mehr zu erfahren.<br>Einf\u00fchrung<br>In dieser Datenschutzrichtlinie wird erl\u00e4utert, wie unser Unternehmen und seine Mitglieder Ihre Daten erfassen und verwenden. Unsere Datenschutzrichtlinie gilt f\u00fcr alle Personen, die unsere Website, unser Unternehmen und unsere Online-Dienste besuchen und nutzen, sowie f\u00fcr die Websites und Online-Dienste, die von unseren Mitgliedern bereitgestellt werden (zusammenfassend als \u201cWebsites\u201d bezeichnet). Verbundene Unternehmen sind Unternehmen, die sich direkt oder indirekt im Besitz unseres Unternehmens befinden, oder Unternehmen, die von unserem Unternehmen kontrolliert oder gemeinsam kontrolliert werden. Verweise auf \u201cbasic health\u201d, \u201cuns\u201d, \u201cunser\u201d oder \u201cuns\u201d in dieser Datenschutzrichtlinie beziehen sich auf die f\u00fcr die Erhebung und Verwendung Ihrer personenbezogenen Daten verantwortliche Stelle, in der Regel die Stelle, unter der Ihre personenbezogenen Daten in jedem Fall erhoben werden. Diese Stelle wird auch als der Datenverantwortliche bezeichnet. Diese Datenschutzerkl\u00e4rung gilt nicht f\u00fcr die Websites und Online-Dienste, die von unserem Unternehmen oder den mit uns verbundenen Unternehmen betrieben werden. Diese Websites und Online-Dienste haben separate Datenschutzrichtlinien und sind nicht mit dieser Datenschutzrichtlinie verlinkt oder durch Verweis verbunden. F\u00fcr andere Teile unserer Website, wie z. B. passwortgesch\u00fctzte Bereiche oder Webseiten, die f\u00fcr die Online-Rekrutierung verwendet werden, gelten m\u00f6glicherweise andere Datenschutzrichtlinien. Unsere Datenschutzrichtlinie gilt nur f\u00fcr Aktivit\u00e4ten, die wir auf dieser Website durchf\u00fchren, und nicht f\u00fcr Aktivit\u00e4ten, die \u201coffline\u201d oder ohne Bezug zu dieser Website stattfinden. Diese Datenschutzrichtlinie wurde in unsere Allgemeinen Gesch\u00e4ftsbedingungen aufgenommen und gilt auch f\u00fcr die Nutzung unserer Website. Indem Sie diese Website nutzen und Ihre pers\u00f6nlichen Daten und andere Informationen \u00fcber diese Website zur Verf\u00fcgung stellen, erkennen Sie an, dass Ihre pers\u00f6nlichen Daten in \u00dcbereinstimmung mit den Bedingungen dieser Datenschutzrichtlinie verarbeitet werden. Wenn Sie mit den in dieser Datenschutzrichtlinie beschriebenen Praktiken nicht einverstanden sind, stellen Sie uns bitte keine pers\u00f6nlichen Daten zur Verf\u00fcgung und interagieren Sie nicht auf andere Weise mit der Website. Wir behalten uns das Recht vor, diese Datenschutzrichtlinie jederzeit zu \u00e4ndern. Sollten wir wesentliche \u00c4nderungen an unserer Datenschutzrichtlinie vornehmen, werden wir diese auf dieser Website bekannt geben, bevor die \u00c4nderungen in Kraft treten. Das Datum der letzten \u00dcberarbeitung dieser Datenschutzrichtlinie k\u00f6nnen Sie anhand des obigen Datums der \u201cletzten Aktualisierung\u201d feststellen. Sie k\u00f6nnen die neueste Version dieser Datenschutzrichtlinie einsehen. Wir empfehlen Ihnen, die Datenschutzrichtlinie regelm\u00e4\u00dfig auf \u00c4nderungen zu \u00fcberpr\u00fcfen.<br>\u00a0<br>Welche pers\u00f6nlichen Daten sammeln wir \u00fcber Sie?<br>Der in dieser Datenschutzerkl\u00e4rung verwendete Begriff \"personenbezogene Daten\" bezieht sich auf alle Informationen, die sich auf eine identifizierte oder identifizierbare Person beziehen, oder auf die Definition in den geltenden Gesetzen. Wenn Sie unsere Website besuchen und freiwillig mit ihr interagieren, werden wir die folgenden personenbezogenen Daten erfassen:<br>Ihr Vor- und Nachname;<br>Name des Unternehmens;<br>Internet-Protokoll-Adresse (IP);<br>Kontaktinformationen (z. B. Telefonnummer, E-Mail-Adresse);<br>oder, andere Informationen, die Sie freiwillig zur Verf\u00fcgung stellen.<br>\u00a0<br>Wann erheben wir personenbezogene Daten \u00fcber Sie?<br>Unser Unternehmen sammelt \u00fcber diese Website keine personenbezogenen Daten von Ihnen, es sei denn, Sie entscheiden sich freiwillig f\u00fcr die Offenlegung solcher Informationen. Wir k\u00f6nnen Sie zu verschiedenen Zeiten und an verschiedenen Stellen der Website um die Angabe bestimmter personenbezogener Daten bitten. Wenn Sie uns die angeforderten personenbezogenen Daten nicht zur Verf\u00fcgung stellen, k\u00f6nnen Sie in einigen F\u00e4llen nicht auf alle Inhalte dieser Website zugreifen oder an allen Funktionen teilnehmen. So k\u00f6nnen wir beispielsweise personenbezogene Daten von Ihnen erheben, wenn Sie die folgenden Aktionen durchf\u00fchren:<br>Kaufen Sie Produkte aus unserem Unternehmen \u00fcber unsere Website;<br>\u00d6ffnen oder beantworten Sie unsere E-Mail;<br>Wenn Sie uns im Rahmen von Kundenumfragen freiwillig Informationen zur Verf\u00fcgung stellen, k\u00f6nnen wir diese mit den personenbezogenen Daten verkn\u00fcpfen, die wir zuvor \u00fcber Sie erfasst haben;<br>Wenden Sie sich an den Kundendienst, nutzen Sie unsere \u201cConnect\u201d-Funktion, um mit unseren Unternehmensvertretern zu sprechen, oder verwenden Sie unsere Kundensupport-Tools;<br>unsere Website \u00fcber soziale Netzwerke zu verbinden, zu verlinken oder zu \u201cteilen\u201d;<br>Wenn Sie uns personenbezogene Daten eines Dritten zur Verf\u00fcgung stellen, bedeutet dies, dass Sie den Dritten benachrichtigt haben und von ihm erm\u00e4chtigt wurden, diese Informationen bereitzustellen.<br>\u00a0<br>Wie verwenden wir personenbezogene Daten?<br>Unser Unternehmen verwendet die von uns erfassten personenbezogenen Daten, um Ihnen Dienstleistungen zu erbringen oder eine vertragliche Vereinbarung mit Ihnen einzugehen, wenn Sie unsere Website besuchen. Dies beinhaltet:<br>Erstellen Sie ein Online-Konto f\u00fcr Ihre Website nach Ihren Anforderungen;<br>Kundenservice (z. B. Beantwortung von Fragen oder Beantwortung von Anfragen);<br>Ihnen Erinnerungen, Aktualisierungen, Support, Managementnachrichten, Serviceank\u00fcndigungen und angeforderte Informationen zu senden;<br>Wir verwenden personenbezogene Daten, die von Dritten oder von uns aus legitimen gesch\u00e4ftlichen Gr\u00fcnden verfolgt werden, solange die Daten mit Ihren Rechten und Erwartungen in Bezug auf den Datenschutz vereinbar sind. Dies schlie\u00dft ein:<br>Betrieb, Wartung und Verbesserung dieser Website, unserer Dienstleistungen und Produkte;<br>Durchf\u00fchrung von Analysen und Kundenforschung;<br>\u00dcberpr\u00fcfung Ihrer F\u00e4higkeit, auf bestimmte Produkte oder Dienstleistungen zuzugreifen oder diese zu nutzen, die nur Personen zur Verf\u00fcgung stehen, die bestimmte Qualifikationsanforderungen oder -standards erf\u00fcllen, wie z. B. Angeh\u00f6rige der Gesundheitsberufe;<br>Ihnen die Interaktion mit bestimmten Drittanbietern von Inhaltsdiensten zu erm\u00f6glichen (z. B. um Ihnen die M\u00f6glichkeit zu geben, innerhalb dieser Website einen Link zu Websites von Drittanbietern zu erstellen oder deren Inhalte anzuzeigen oder um unsere Inhalte auf Websites von Drittanbietern anzuzeigen);<br>Ihnen die M\u00f6glichkeit zu geben, an den interaktiven Funktionen unserer Website teilzunehmen;<br>Verwaltung von Online-Umfragen oder Sonderangeboten, die von uns oder von unseren Gesch\u00e4ftspartnern bereitgestellt werden;<br>Verbesserung unserer Website, des Kundendienstes, der Produkte und Dienstleistungen sowie der allgemeinen Benutzerfreundlichkeit;<br>Verbesserung anderer Informationen, die wir \u00fcber Sie haben, damit wir Sie besser verstehen und Ihre Interessen bestimmen k\u00f6nnen;<br>Ihre Pr\u00e4ferenzen zu ermitteln, damit wir Sie \u00fcber neue Produkte oder andere Produkte, Dienstleistungen und Werbeaktionen informieren k\u00f6nnen, die f\u00fcr Sie von Interesse sein k\u00f6nnten;<br>Auch unser Unternehmen hat eine Rechtsgrundlage f\u00fcr die Verwendung Ihrer personenbezogenen Daten:<br>Zur Verhinderung von Betrug, zur Wahrung der \u00f6ffentlichen Sicherheit und zur Durchsetzung der Meldepflichten und Gesch\u00e4ftsbedingungen unseres Unternehmens sowie zur Einhaltung von Gesetzen, Vorschriften, Gerichtsbeschl\u00fcssen, Vorladungen oder anderen rechtlichen Verfahren.<br>Wo dies gesetzlich vorgeschrieben ist, k\u00f6nnen wir die gem\u00e4\u00df dieser Datenschutzrichtlinie gesammelten Daten mit Ihrer Zustimmung auch verwenden, um Ihnen Waren oder Dienstleistungen anzubieten, von denen wir glauben, dass sie f\u00fcr Sie von Interesse sein k\u00f6nnten.<br>\u00a0<br>Wie geht man mit sensiblen personenbezogenen Daten um?<br>Die in der Datenschutzerkl\u00e4rung verwendeten sensiblen personenbezogenen Daten (auch als \u201cbesondere Kategorien personenbezogener Daten\u201d bezeichnet) beziehen sich auf Daten im Zusammenhang mit Ihrer Ethnie, Ihren politischen Meinungen, Ihrer Religion oder sonstigen \u00dcberzeugungen, Ihrer Gesundheit, Ihren genetischen oder biologischen Merkmalen, Ihrem Sexualleben oder Ihrer Sexualit\u00e4t. Informationen \u00fcber die Orientierung, den kriminellen Hintergrund oder die Mitgliedschaft in einer Gewerkschaft. Unser Unternehmen sammelt sensible personenbezogene Daten nur in den folgenden begrenzten F\u00e4llen:<br>Mit Ihrer ausdr\u00fccklichen Zustimmung;<br>die lebenswichtigen Interessen von Ihnen oder anderen zu sch\u00fctzen, wenn Sie physisch oder rechtlich nicht zustimmen k\u00f6nnen;<br>Wenn die Behandlung zu pr\u00e4ventiven oder arbeitsmedizinischen Zwecken, zur Bereitstellung von Gesundheits- oder Sozialf\u00fcrsorge oder Behandlung oder zur Verwaltung von Gesundheits- oder Sozialf\u00fcrsorgesystemen und -diensten gem\u00e4\u00df den Rechtsvorschriften der Union oder der Mitgliedstaaten oder gem\u00e4\u00df Vertr\u00e4gen mit Angeh\u00f6rigen der Gesundheitsberufe erforderlich ist oder zur Begr\u00fcndung, Aus\u00fcbung oder Verteidigung von Rechtsanspr\u00fcchen verwendet wird, oder soweit dies nach den geltenden Rechtsvorschriften zul\u00e4ssig und erforderlich ist.<br>Sofern die geltenden Gesetze nichts anderes vorschreiben, m\u00fcssen Sie uns bei der Nutzung unserer Website keine sensiblen personenbezogenen Daten zur Verf\u00fcgung stellen. Wenn Sie sich dagegen entscheiden, hindert Sie dies nicht daran, unsere Website zu nutzen.<br>\u00a0<br>Welche anderen Informationen sammeln wir?<br>Wie bei vielen anderen Websites k\u00f6nnen wir, wenn Sie auf unserer Website surfen und mit ihr interagieren, automatische Erfassungstechnologien einsetzen, um bestimmte Informationen \u00fcber Ihr Ger\u00e4t, Ihre Browsing-Aktivit\u00e4ten und -Verhaltensweisen zu sammeln, darunter:<br>Die Einzelheiten Ihres Besuchs auf unserer Website, einschlie\u00dflich der Ressourcen, die Sie auf unserer Website besuchen und nutzen, Verkehrsdaten, Standortdaten, Protokolle, Sprache;<br>Datum und Uhrzeit des Zugriffs, Frequenz und andere Kommunikationsdaten;<br>Informationen \u00fcber den Computer und die Internetverbindung, einschlie\u00dflich Betriebssystem, Host-Dom\u00e4ne und Browsertyp (z. B. Internet Explorer); oder<br>Angaben zur empfohlenen Website (URL).<br>Bei den von uns automatisch erfassten Informationen handelt es sich um statistische Daten, die uns dabei helfen k\u00f6nnen, unsere Website zu verbessern und bessere und pers\u00f6nlichere Dienste anzubieten:<br>Bestimmen Sie das Besucherverhalten auf der Website;<br>Z\u00e4hlen Sie die Anzahl der Besuche vor Ort;<br>Identifizieren Sie die Quelle des Verkehrs, damit wir die Leistung der Website messen und verbessern k\u00f6nnen;<br>solche Informationen an Dritte weitergeben oder verkaufen;<br>Helfen Sie uns zu verstehen, welche Seiten und Inhalte am beliebtesten und am unbeliebtesten sind; und<br>Ermitteln Sie die H\u00e4ufigkeit und das letzte Datum Ihres Besuchs auf unserer Website.<br>\u00a0<br>Cookies und andere Technologien<br>Wenn Sie unsere Website besuchen oder mit unseren E-Mails interagieren, verwenden wir Cookies, Web Beacons\/Pixel Tags und andere Technologien (zusammenfassend als \u201cCookies\u201d bezeichnet), um Sie zu identifizieren. \u201cCookies\u201d sind kleine Datenmengen, die auf der Grundlage von Internet-Aktivit\u00e4ten auf einem Computer zwischengespeichert oder gespeichert werden. Diese Cookies k\u00f6nnen im Rahmen eines Erstanbieters oder einer dritten Partei weitergegeben werden. So k\u00f6nnen wir beispielsweise Informationen \u00fcber Browsertyp und -version, Betriebssystem, Benutzersprache, ISP, besuchte Webseiten, angeklickte Links, IP-Adresse, ob ein \u201cFlash\u201d-Plug-in vorhanden ist, Bildschirmaufl\u00f6sung und Verbindungsinformationen sammeln. Typen, besuchte Websites vor und nach dem Besuch unserer Website, detaillierte Informationen \u00fcber die gekauften Waren und E-Mails, die Sie senden, weiterleiten oder anklicken, um auf unsere Website zu gelangen. Durch das Sammeln dieser Informationen k\u00f6nnen wir besser verstehen, wie Sie mit unserer Website interagieren; wir k\u00f6nnen Ihnen ein pers\u00f6nlicheres und optimiertes Online-Erlebnis bieten, indem wir Ihre Pr\u00e4ferenzen verfolgen; wir k\u00f6nnen unsere Website verbessern; wir k\u00f6nnen Vertr\u00e4ge mit unseren Gesch\u00e4ftspartnern erf\u00fcllen; wir k\u00f6nnen den Empfang und die Beantwortung unserer E-Mails best\u00e4tigen; und wir k\u00f6nnen einen effektiveren Kundendienst anbieten. Weitere Informationen \u00fcber die von uns gesammelten Cookies und wie Sie diese deaktivieren k\u00f6nnen, finden Sie in unserer Cookie-Richtlinie und in Abschnitt 9 unten. Soziale Medien-Plugins. Unsere Website verwendet sogenannte Social Plug-ins (\u201cPlug-ins\u201d) der sozialen Netzwerke Facebook, Twitter und LinkedIn. Diese Plugins sind durch die jeweiligen Logos der sozialen Netzwerke gekennzeichnet. Wenn Sie die Website besuchen, baut Ihr Browser eine direkte Verbindung mit den Servern dieser sozialen Netzwerke auf. Das soziale Netzwerk \u00fcbermittelt den Inhalt des Plug-ins direkt an Ihren Browser und bindet ihn dann in die Website ein. Durch die Einbindung der Plug-ins k\u00f6nnen die sozialen Netzwerke die Informationen erhalten, die Sie auf den entsprechenden Seiten der Website geladen haben. Wenn Sie beispielsweise bei Facebook eingeloggt sind, kann es Ihren Besuch Ihrem Konto zuordnen. Wenn Sie unsere Website besuchen, haben Sie, unabh\u00e4ngig davon, ob Sie mit dem Plug-in interagieren oder nicht, diese Informationen bereits ausgetauscht. Wenn Sie mit dem Plug-in interagieren, werden die entsprechenden Informationen \u00fcber Ihren Browser direkt an Facebook \u00fcbermittelt und dort gespeichert. Sie k\u00f6nnen sich dar\u00fcber informieren, wie soziale Netzwerke Daten verwenden, sowie \u00fcber Ihre Rechte und optionale Einstellungen auf Seiten sozialer Netzwerke, um Ihre Privatsph\u00e4re zu sch\u00fctzen. Wenn Sie nicht m\u00f6chten, dass soziale Netzwerke \u00fcber unsere Website Daten \u00fcber Sie sammeln, m\u00fcssen Sie sich vor dem Besuch der Website bei der Domain des sozialen Netzwerks anmelden. Um den Austausch von Informationen mit sozialen Netzwerken w\u00e4hrend Ihres Besuchs auf unserer Website zu verhindern, k\u00f6nnen Sie die Verwendung von Cookies \u00fcber Ihre Browsereinstellungen und andere Tools deaktivieren.<br>\u00a0<br>Wie geben wir Informationen weiter?<br>Unser Unternehmen verpflichtet sich, Ihre pers\u00f6nlichen Daten vertraulich zu behandeln. Mit Ausnahme der in dieser Datenschutzrichtlinie genannten F\u00e4lle werden wir Ihre auf der Website gesammelten personenbezogenen Daten nicht an Dritte verkaufen, tauschen oder vermieten. Wir k\u00f6nnen Ihre personenbezogenen Daten in \u00dcbereinstimmung mit den folgenden gesetzlichen Anforderungen oder Genehmigungen weitergeben:<br>Im t\u00e4glichen Gesch\u00e4ftsprozess wird jede<strong>\u00a0Hebei Zhihong Plastic Products Manufacturing Co, Ltd.<\/strong>\u00a0Mit Auftragnehmern, Verk\u00e4ufern und Lieferanten, die in unserem Namen Dienstleistungen erbringen, wie z. B. die Bearbeitung und Ausf\u00fchrung von Bestellungen, die Datenanalyse und -speicherung, die Unterst\u00fctzung von Direktmarketing und die Verteilung von E-Mails und anderen Mitteilungen, Betrugspr\u00e4ventionsdienste, Lieferung und Logistik sowie alle anderen Zwecke der oben genannten Erfassung;<br>Wenn wir oder eines unserer verbundenen Unternehmen Konkurs anmelden oder die \u00dcbertragung von Eigentumsrechten (oder Verm\u00f6genswerten) im Zusammenhang mit der vorgeschlagenen oder vollst\u00e4ndigen Unternehmensumstrukturierung eines unserer verbundenen Unternehmen, wie z. B. tats\u00e4chliche oder potenzielle Fusionen, \u00dcbernahmen oder Verk\u00e4ufe von Gesch\u00e4ftseinheiten;<br>Einhaltung gesetzlicher Anordnungen und beh\u00f6rdlicher Auflagen oder Unterst\u00fctzung von Audit-, Compliance- und Corporate-Governance-Funktionen nach Bedarf;<br>Zur Bek\u00e4mpfung von Betrug oder kriminellen Aktivit\u00e4ten und zum Schutz unserer Rechte oder der Rechte unserer Tochtergesellschaften, Nutzer und Gesch\u00e4ftspartner oder im Rahmen von rechtlichen Verfahren, die unser Unternehmen betreffen, einschlie\u00dflich der Durchsetzung unserer Gesch\u00e4ftsbedingungen.<\/p>","protected":false},"excerpt":{"rendered":"<p>The privacy and security of your information is very important to us.Please view the full privacy policy below to learn more.IntroductionThis privacy policy explains how our company and its affiliates collect and use your information. Our privacy policy applies to all people who visit and use our website, our company and online services, and the [&hellip;]<\/p>\n","protected":false},"author":1,"featured_media":0,"parent":0,"menu_order":0,"comment_status":"closed","ping_status":"open","template":"page\/privacy.php","meta":{"footnotes":""},"class_list":["post-3","page","type-page","status-publish","hentry"],"_links":{"self":[{"href":"https:\/\/zhihongplastic.com\/de\/wp-json\/wp\/v2\/pages\/3","targetHints":{"allow":["GET"]}}],"collection":[{"href":"https:\/\/zhihongplastic.com\/de\/wp-json\/wp\/v2\/pages"}],"about":[{"href":"https:\/\/zhihongplastic.com\/de\/wp-json\/wp\/v2\/types\/page"}],"author":[{"embeddable":true,"href":"https:\/\/zhihongplastic.com\/de\/wp-json\/wp\/v2\/users\/1"}],"replies":[{"embeddable":true,"href":"https:\/\/zhihongplastic.com\/de\/wp-json\/wp\/v2\/comments?post=3"}],"version-history":[{"count":3,"href":"https:\/\/zhihongplastic.com\/de\/wp-json\/wp\/v2\/pages\/3\/revisions"}],"predecessor-version":[{"id":119,"href":"https:\/\/zhihongplastic.com\/de\/wp-json\/wp\/v2\/pages\/3\/revisions\/119"}],"wp:attachment":[{"href":"https:\/\/zhihongplastic.com\/de\/wp-json\/wp\/v2\/media?parent=3"}],"curies":[{"name":"wp","href":"https:\/\/api.w.org\/{rel}","templated":true}]}}