{"id":3,"date":"2025-03-17T01:43:18","date_gmt":"2025-03-17T01:43:18","guid":{"rendered":"https:\/\/zhihongplastic.com\/?page_id=3"},"modified":"2025-12-13T03:20:30","modified_gmt":"2025-12-13T03:20:30","slug":"politica-de-privacidad","status":"publish","type":"page","link":"https:\/\/zhihongplastic.com\/es\/politica-de-privacidad\/","title":{"rendered":"Pol\u00edtica de privacidad"},"content":{"rendered":"<p>La privacidad y seguridad de su informaci\u00f3n es muy importante para nosotros.<br>Consulte la pol\u00edtica de privacidad completa a continuaci\u00f3n para obtener m\u00e1s informaci\u00f3n.<br>Introducci\u00f3n<br>Esta pol\u00edtica de privacidad explica c\u00f3mo nuestra empresa y sus filiales recopilan y utilizan su informaci\u00f3n. Nuestra pol\u00edtica de privacidad se aplica a todas las personas que visitan y utilizan nuestro sitio web, nuestra empresa y nuestros servicios en l\u00ednea, as\u00ed como los sitios web y servicios en l\u00ednea proporcionados por nuestros miembros (denominados colectivamente \u201csitios\u201d). Las empresas afiliadas son entidades que pertenecen directa o indirectamente a nuestra empresa, o entidades controladas o controladas conjuntamente por nuestra empresa. Las referencias a \u201cbasic health\u201d, \u201cnosotros\u201d, \u201cnuestro\u201d o \u201cnos\u201d en esta pol\u00edtica de privacidad se refieren a la entidad responsable de la recopilaci\u00f3n y el uso de sus datos personales, normalmente la entidad que obtiene sus datos personales en cada caso. Esta entidad tambi\u00e9n se denomina responsable del tratamiento de datos. Esta pol\u00edtica de privacidad no cubre los sitios web y servicios en l\u00ednea operados por nuestra empresa o nuestras empresas afiliadas. Estos sitios web y servicios en l\u00ednea tienen pol\u00edticas de privacidad independientes y no est\u00e1n vinculados a esta pol\u00edtica de privacidad ni se fusionan por referencia. Tambi\u00e9n pueden aplicarse diferentes pol\u00edticas de privacidad a otras partes de nuestro sitio web, como las \u00e1reas protegidas por contrase\u00f1a o las p\u00e1ginas web utilizadas para la contrataci\u00f3n en l\u00ednea. Nuestra pol\u00edtica de privacidad solo se aplica a las actividades que realizamos en este sitio web y no se aplica a las actividades \u201cfuera de l\u00ednea\u201d o no relacionadas con este sitio web. Esta pol\u00edtica de privacidad se ha incorporado a nuestros t\u00e9rminos y condiciones, y lo mismo se aplica cuando utiliza nuestro sitio web. Al utilizar este sitio web y proporcionar sus datos personales y otra informaci\u00f3n a trav\u00e9s de \u00e9l, usted reconoce que sus datos personales ser\u00e1n tratados de acuerdo con los t\u00e9rminos de esta pol\u00edtica de privacidad. Si no est\u00e1 de acuerdo con las pr\u00e1cticas descritas en esta pol\u00edtica de privacidad, le rogamos que no nos facilite sus datos personales ni interact\u00fae con el sitio web de ninguna otra forma. Nos reservamos el derecho a modificar esta pol\u00edtica de privacidad en cualquier momento. Si realizamos cambios importantes en nuestra pol\u00edtica de privacidad, lo notificaremos en este sitio web antes de que los cambios entren en vigor. Puede determinar la fecha de la \u00faltima revisi\u00f3n de esta pol\u00edtica de privacidad consultando la fecha de \u201c\u00faltima actualizaci\u00f3n\u201d que figura m\u00e1s arriba. Puede consultar la \u00faltima versi\u00f3n de esta pol\u00edtica de privacidad. Le recomendamos que consulte peri\u00f3dicamente la pol\u00edtica de privacidad para conocer cualquier cambio.<br>\u00a0<br>\u00bfQu\u00e9 datos personales recopilamos sobre usted?<br>Los datos personales utilizados en esta pol\u00edtica de privacidad se refieren a cualquier informaci\u00f3n relacionada con una persona identificada o identificable, o seg\u00fan lo definido por las leyes aplicables. Cuando visite nuestro sitio web e interact\u00fae voluntariamente con \u00e9l, recopilaremos los siguientes datos personales:<br>Tu nombre y apellidos;<br>Nombre de la empresa;<br>Direcci\u00f3n de Protocolo de Internet (IP);<br>Informaci\u00f3n de contacto (por ejemplo, n\u00famero de tel\u00e9fono, direcci\u00f3n de correo electr\u00f3nico);<br>o, otra informaci\u00f3n que usted proporcione voluntariamente.<br>\u00a0<br>\u00bfCu\u00e1ndo recopilamos datos personales sobre usted?<br>A menos que usted decida voluntariamente revelar dicha informaci\u00f3n, nuestra empresa no recopilar\u00e1 ning\u00fan dato personal suyo a trav\u00e9s de este sitio web. Es posible que le solicitemos que nos facilite determinados datos personales en diferentes momentos y lugares del sitio web. En algunos casos, si decide no facilitarnos los datos personales solicitados, es posible que no pueda acceder a todo el contenido de este sitio web o participar en todas sus funciones. Por ejemplo, podemos recopilar datos personales suyos cuando realice las siguientes acciones:<br>Compre productos de nuestra empresa a trav\u00e9s de nuestro sitio web.;<br>Abrir o responder a nuestro correo electr\u00f3nico;<br>Cuando nos proporciona informaci\u00f3n de forma voluntaria a trav\u00e9s de encuestas a clientes, podemos vincularla con los datos personales que hayamos recopilado previamente sobre usted.;<br>P\u00f3ngase en contacto con el servicio de atenci\u00f3n al cliente, utilice nuestra funci\u00f3n \u201cconectar\u201d para hablar con los representantes de nuestra empresa o utilice nuestras herramientas de atenci\u00f3n al cliente.;<br>Conectarse, enlazar o \u201ccompartir\u201d nuestro sitio web a trav\u00e9s de redes sociales;<br>Si nos proporciona datos personales de un tercero, significa que ha informado al tercero y que este le ha autorizado a proporcionar dicha informaci\u00f3n.<br>\u00a0<br>\u00bfC\u00f3mo utilizamos los datos personales?<br>Nuestra empresa utiliza los datos personales que recopilamos para prestarle servicios o celebrar un acuerdo contractual con usted cuando visita nuestro sitio web. Esto incluye:<br>Crear una cuenta en l\u00ednea para usted seg\u00fan sus requisitos;<br>Proporcionar servicio al cliente (por ejemplo, responder a sus preguntas o solicitudes).;<br>Enviarle recordatorios, actualizaciones, asistencia, mensajes de gesti\u00f3n, anuncios de servicio e informaci\u00f3n solicitada.;<br>Utilizaremos los datos personales recopilados por un tercero o por nosotros por motivos comerciales leg\u00edtimos, siempre que dichos datos sean compatibles con sus derechos y expectativas en materia de privacidad. Esto incluye:<br>Operar, mantener y mejorar este sitio web, nuestros servicios y nuestros productos;<br>Realizar an\u00e1lisis e investigaciones sobre los clientes.;<br>Verifique su capacidad para acceder o utilizar determinados productos o servicios que solo est\u00e1n disponibles para personas que cumplen determinados requisitos o normas de cualificaci\u00f3n, como los profesionales sanitarios.;<br>Permitirle interactuar con determinados proveedores de servicios de contenido externos (por ejemplo, para que pueda enlazar o ver contenido de sitios web externos dentro de este sitio web, o ver nuestro contenido en sitios web externos).;<br>Le permite elegir participar en las funciones interactivas de nuestro sitio web.;<br>Gestionar encuestas en l\u00ednea u ofertas especiales proporcionadas por nosotros o a trav\u00e9s de nuestros socios comerciales externos.;<br>Mejorar nuestro sitio web, el servicio al cliente, los productos y servicios, y la experiencia general del usuario.;<br>Mejorar la informaci\u00f3n que tenemos sobre usted para ayudarnos a comprenderle mejor y determinar sus intereses.;<br>Determine sus preferencias para que podamos informarle sobre nuevos productos u otros productos, servicios y promociones que puedan ser de su inter\u00e9s.;<br>Nuestra empresa tambi\u00e9n tiene una base legal para utilizar sus datos personales:<br>Para prevenir el fraude, garantizar la seguridad p\u00fablica y hacer cumplir las obligaciones de informaci\u00f3n y los t\u00e9rminos y condiciones de nuestra empresa, as\u00ed como para cumplir con las leyes, reglamentos, \u00f3rdenes judiciales, citaciones u otros procedimientos legales.<br>Cuando lo exija la ley, tambi\u00e9n podremos utilizar la informaci\u00f3n recopilada de conformidad con esta pol\u00edtica de privacidad con su consentimiento \u201copt-in\u201d para proporcionarle bienes o servicios que consideremos que puedan ser de su inter\u00e9s. Informaci\u00f3n.<br>\u00a0<br>\u00bfC\u00f3mo tratar los datos personales sensibles?<br>Los datos personales sensibles utilizados en la pol\u00edtica de privacidad (tambi\u00e9n denominados \u201ccategor\u00edas especiales de datos personales\u201d) se refieren a datos relacionados con su raza o etnia, opiniones pol\u00edticas, religi\u00f3n u otras creencias, salud, caracter\u00edsticas gen\u00e9ticas o biol\u00f3gicas, vida sexual o sexualidad. Informaci\u00f3n sobre orientaci\u00f3n, antecedentes penales o afiliaci\u00f3n sindical. Nuestra empresa solo recopila datos personales sensibles en las siguientes circunstancias limitadas:<br>Con su consentimiento expl\u00edcito;<br>Proteja sus intereses vitales o los de otras personas si no puede llegar a un acuerdo f\u00edsico o legal.;<br>Si el tratamiento es necesario con fines m\u00e9dicos preventivos u ocupacionales, proporcionar asistencia sanitaria o social o tratamiento, o gestionar sistemas y servicios de asistencia sanitaria o social de conformidad con la legislaci\u00f3n de la Uni\u00f3n o de los Estados miembros o con los contratos celebrados con profesionales sanitarios; o utilizarse para establecer, ejercer o defender reclamaciones legales, o en la medida en que lo permitan y lo exijan las leyes aplicables.<br>A menos que lo exijan las leyes aplicables, no es necesario que nos facilite ning\u00fan dato personal sensible al utilizar nuestro sitio web. Si decide no hacerlo, su decisi\u00f3n no le impedir\u00e1 utilizar nuestro sitio web.<br>\u00a0<br>\u00bfQu\u00e9 otra informaci\u00f3n recopilamos?<br>Al igual que muchos otros sitios web, cuando navega e interact\u00faa con nuestro sitio web, podemos utilizar tecnolog\u00eda de recopilaci\u00f3n autom\u00e1tica para recopilar cierta informaci\u00f3n sobre su dispositivo, operaciones de navegaci\u00f3n y patrones, incluyendo:<br>Los detalles de su visita a nuestro sitio web, incluidos los recursos que visita y utiliza en nuestro sitio web, datos de tr\u00e1fico, datos de ubicaci\u00f3n, registros, idioma;<br>Fecha y hora de acceso, frecuencia y otros datos de comunicaci\u00f3n;<br>Informaci\u00f3n sobre el ordenador y la conexi\u00f3n a Internet, incluyendo el sistema operativo, el dominio del host y el tipo de navegador (como Internet Explorer); o<br>Detalles del sitio web recomendado (URL).<br>La informaci\u00f3n que recopilamos autom\u00e1ticamente son datos estad\u00edsticos que nos ayudan a mejorar nuestro sitio web y a ofrecer servicios mejores y m\u00e1s personalizados, lo que nos permite, entre otras cosas:<br>Determinar los patrones de tr\u00e1fico del sitio web.;<br>Cuenta el n\u00famero de visitas al sitio;<br>Identificar la fuente del tr\u00e1fico para poder medir y mejorar el rendimiento del sitio web.;<br>Compartir o vender dicha informaci\u00f3n a terceros;<br>Ay\u00fadanos a comprender qu\u00e9 p\u00e1ginas y contenidos son los m\u00e1s populares y los menos populares; y<br>Determine la frecuencia y la \u00faltima fecha de su visita a nuestro sitio web.<br>\u00a0<br>Cookies y otras tecnolog\u00edas<br>Cuando visita nuestro sitio web o interact\u00faa con nuestros correos electr\u00f3nicos, utilizamos cookies, balizas web\/etiquetas de p\u00edxeles y otras tecnolog\u00edas (denominadas colectivamente \u201ccookies\u201d) para identificarle. Las \u201ccookies\u201d son peque\u00f1as cantidades de datos almacenados en la memoria cach\u00e9 o en un ordenador en funci\u00f3n de la actividad en Internet. Estas cookies pueden transmitirse en el contexto de un primer o tercer tercero. Por ejemplo, podemos recopilar informaci\u00f3n sobre el tipo y la versi\u00f3n de su navegador, el sistema operativo, el idioma del usuario, el proveedor de servicios de Internet, las p\u00e1ginas web visitadas, los enlaces en los que ha hecho clic, la direcci\u00f3n IP, si hay un complemento \u201cFlash\u201d, la resoluci\u00f3n de pantalla y la informaci\u00f3n de conexi\u00f3n. Tipos, sitios web visitados antes y despu\u00e9s de visitar nuestro sitio web, informaci\u00f3n detallada sobre los productos comprados y los correos electr\u00f3nicos que env\u00eda, reenv\u00eda o en los que hace clic para entrar en nuestro sitio web. Al recopilar esta informaci\u00f3n, podemos comprender mejor c\u00f3mo interact\u00faa con nuestro sitio web; proporcionarle una experiencia en l\u00ednea m\u00e1s personalizada y optimizada mediante el seguimiento de sus preferencias; mejorar nuestro sitio web; ejecutar contratos con nuestros socios comerciales; ayudar a confirmar la recepci\u00f3n y responder a nuestro correo electr\u00f3nico; y proporcionar un servicio de atenci\u00f3n al cliente m\u00e1s eficaz. Para obtener m\u00e1s informaci\u00f3n sobre las cookies que recopilamos y c\u00f3mo desactivarlas, visite nuestra Pol\u00edtica de cookies y la secci\u00f3n 9 a continuaci\u00f3n. Complementos de redes sociales. Nuestro sitio web utiliza los denominados complementos sociales (\u201ccomplementos\u201d) de las redes sociales Facebook, Twitter y LinkedIn. Estos complementos se indican con los logotipos respectivos de las redes sociales. Cuando visita el sitio, su navegador establece una conexi\u00f3n directa con los servidores de estas redes sociales. La red social transfiere el contenido del complemento directamente a su navegador y luego lo integra en el sitio web. La integraci\u00f3n de los complementos permite a las redes sociales recibir la informaci\u00f3n que usted ha cargado en las p\u00e1ginas correspondientes del sitio. Por ejemplo, si inicia sesi\u00f3n con Facebook, este podr\u00e1 asignar su visita a su cuenta. Cuando visita nuestro sitio web, independientemente de si interact\u00faa con el complemento o no, ya ha intercambiado esta informaci\u00f3n. Si interact\u00faa con el complemento, la informaci\u00f3n correspondiente se enviar\u00e1 directamente a Facebook a trav\u00e9s de su navegador y se guardar\u00e1 all\u00ed. Puede encontrar informaci\u00f3n sobre c\u00f3mo utilizan los datos las redes sociales, as\u00ed como sus derechos y ajustes opcionales en los sitios de redes sociales para proteger su privacidad. Si no desea que las redes sociales recopilen datos sobre usted a trav\u00e9s de nuestro sitio web, debe iniciar sesi\u00f3n en el dominio de la red social antes de visitar el sitio web. Para evitar el intercambio de informaci\u00f3n con las redes sociales durante su visita a nuestro sitio web, puede desactivar las cookies a trav\u00e9s de la configuraci\u00f3n de su navegador y otras herramientas.<br>\u00a0<br>\u00bfC\u00f3mo compartimos la informaci\u00f3n?<br>Nuestra empresa se compromete a mantener la confidencialidad de sus datos personales. Salvo lo dispuesto en esta pol\u00edtica de privacidad, no venderemos, intercambiaremos ni alquilaremos a terceros los datos personales recopilados en el sitio web. Podemos compartir sus datos personales de acuerdo con los siguientes requisitos o permisos legales:<br>En el proceso empresarial diario, cualquier<strong>\u00a0Hebei Zhihong Plastic Products Manufacturing Co.<\/strong>\u00a0Las empresas afiliadas solo pueden utilizar sus datos personales para los fines descritos en esta pol\u00edtica de privacidad (por ejemplo, para responder a sus consultas sobre nuestros productos y servicios). Con contratistas, proveedores y distribuidores que nos prestan servicios en nuestro nombre, tales como el procesamiento y la tramitaci\u00f3n de pedidos; el an\u00e1lisis y almacenamiento de datos; la asistencia en el marketing directo y la distribuci\u00f3n de correos electr\u00f3nicos y otras comunicaciones; los servicios de prevenci\u00f3n del fraude; la entrega y la log\u00edstica; y otros fines relacionados con la recopilaci\u00f3n mencionada anteriormente.;<br>Si nosotros o cualquiera de nuestras empresas afiliadas nos declaramos en quiebra o solicitamos la transferencia de la propiedad (o los activos) en relaci\u00f3n con la reorganizaci\u00f3n corporativa propuesta o completada de cualquiera de nuestras filiales, como fusiones, adquisiciones o ventas reales o potenciales de unidades de negocio;<br>Cumplir con las \u00f3rdenes legales y los requisitos gubernamentales, o apoyar las funciones de auditor\u00eda, cumplimiento y gobierno corporativo seg\u00fan sea necesario.;<br>Para combatir el fraude o las actividades delictivas, y para proteger nuestros derechos o los de nuestras filiales, usuarios y socios comerciales, o como parte de procedimientos legales que afecten a nuestra empresa, incluido el cumplimiento de nuestros t\u00e9rminos y condiciones.<\/p>","protected":false},"excerpt":{"rendered":"<p>The privacy and security of your information is very important to us.Please view the full privacy policy below to learn more.IntroductionThis privacy policy explains how our company and its affiliates collect and use your information. Our privacy policy applies to all people who visit and use our website, our company and online services, and the [&hellip;]<\/p>\n","protected":false},"author":1,"featured_media":0,"parent":0,"menu_order":0,"comment_status":"closed","ping_status":"open","template":"page\/privacy.php","meta":{"footnotes":""},"class_list":["post-3","page","type-page","status-publish","hentry"],"_links":{"self":[{"href":"https:\/\/zhihongplastic.com\/es\/wp-json\/wp\/v2\/pages\/3","targetHints":{"allow":["GET"]}}],"collection":[{"href":"https:\/\/zhihongplastic.com\/es\/wp-json\/wp\/v2\/pages"}],"about":[{"href":"https:\/\/zhihongplastic.com\/es\/wp-json\/wp\/v2\/types\/page"}],"author":[{"embeddable":true,"href":"https:\/\/zhihongplastic.com\/es\/wp-json\/wp\/v2\/users\/1"}],"replies":[{"embeddable":true,"href":"https:\/\/zhihongplastic.com\/es\/wp-json\/wp\/v2\/comments?post=3"}],"version-history":[{"count":3,"href":"https:\/\/zhihongplastic.com\/es\/wp-json\/wp\/v2\/pages\/3\/revisions"}],"predecessor-version":[{"id":119,"href":"https:\/\/zhihongplastic.com\/es\/wp-json\/wp\/v2\/pages\/3\/revisions\/119"}],"wp:attachment":[{"href":"https:\/\/zhihongplastic.com\/es\/wp-json\/wp\/v2\/media?parent=3"}],"curies":[{"name":"wp","href":"https:\/\/api.w.org\/{rel}","templated":true}]}}